{"id":15,"date":"2026-01-06T09:48:34","date_gmt":"2026-01-06T09:48:34","guid":{"rendered":"http:\/\/31.217.196.124\/~zjicukvz\/?page_id=15"},"modified":"2026-01-07T17:10:28","modified_gmt":"2026-01-07T17:10:28","slug":"yrityksesta","status":"publish","type":"page","link":"https:\/\/jlpalvelut.fi\/index.php\/yrityksesta\/","title":{"rendered":"Yrityksest\u00e4"},"content":{"rendered":"\n<div class=\"wp-block-columns is-layout-flex wp-container-core-columns-is-layout-28f84493 wp-block-columns-is-layout-flex\">\n<div class=\"wp-block-column is-layout-flow wp-block-column-is-layout-flow\" style=\"font-size:22px\">\n<p class=\"has-text-align-left has-ast-global-color-6-color has-text-color has-link-color wp-elements-e60aae9e938ef4c1fea18eeab75ebcb8\" style=\"padding-top:0;padding-right:var(--wp--preset--spacing--30);padding-bottom:0;padding-left:var(--wp--preset--spacing--30);font-size:18px\"><strong>JL Palvelut tarjoaa luotettavia ja joustavia palveluita Uudellamaalla.<\/strong><br><strong><br>Panostan laatuun, turvallisuuteen ja asiakastyytyv\u00e4isyyteen, mutta kumminkin hommat hoidetaan ripe\u00e4sti ja viivyttelem\u00e4tt\u00e4. Pyrin aina siihen, ett\u00e4 asiakkaan toiveet toteutuvat ja molemmat ovat ty\u00f6h\u00f6n tyytyv\u00e4isi\u00e4.<\/strong><\/p>\n<\/div>\n\n\n\n<div class=\"wp-block-column is-layout-flow wp-block-column-is-layout-flow\">\n<figure class=\"wp-block-image size-large is-resized\"><img loading=\"lazy\" decoding=\"async\" width=\"768\" height=\"1024\" src=\"https:\/\/jlpalvelut.fi\/wp-content\/uploads\/2026\/01\/talvi2-2-768x1024.jpeg\" alt=\"\" class=\"wp-image-122\" style=\"aspect-ratio:0.7500057501667549;width:368px;height:auto\" srcset=\"https:\/\/jlpalvelut.fi\/wp-content\/uploads\/2026\/01\/talvi2-2-768x1024.jpeg 768w, https:\/\/jlpalvelut.fi\/wp-content\/uploads\/2026\/01\/talvi2-2-225x300.jpeg 225w, https:\/\/jlpalvelut.fi\/wp-content\/uploads\/2026\/01\/talvi2-2-1152x1536.jpeg 1152w, https:\/\/jlpalvelut.fi\/wp-content\/uploads\/2026\/01\/talvi2-2.jpeg 1440w\" sizes=\"auto, (max-width: 768px) 100vw, 768px\" \/><\/figure>\n<\/div>\n<\/div>\n","protected":false},"excerpt":{"rendered":"","protected":false},"author":1,"featured_media":0,"parent":0,"menu_order":0,"comment_status":"closed","ping_status":"closed","template":"","meta":{"site-sidebar-layout":"default","site-content-layout":"","ast-site-content-layout":"default","site-content-style":"default","site-sidebar-style":"default","ast-global-header-display":"","ast-banner-title-visibility":"","ast-main-header-display":"","ast-hfb-above-header-display":"","ast-hfb-below-header-display":"","ast-hfb-mobile-header-display":"","site-post-title":"","ast-breadcrumbs-content":"","ast-featured-img":"","footer-sml-layout":"","ast-disable-related-posts":"","theme-transparent-header-meta":"","adv-header-id-meta":"","stick-header-meta":"","header-above-stick-meta":"","header-main-stick-meta":"","header-below-stick-meta":"","astra-migrate-meta-layouts":"default","ast-page-background-enabled":"default","ast-page-background-meta":{"desktop":{"background-color":"var(--ast-global-color-5)","background-image":"","background-repeat":"repeat","background-position":"center center","background-size":"auto","background-attachment":"scroll","background-type":"","background-media":"","overlay-type":"","overlay-color":"","overlay-opacity":"","overlay-gradient":""},"tablet":{"background-color":"","background-image":"","background-repeat":"repeat","background-position":"center center","background-size":"auto","background-attachment":"scroll","background-type":"","background-media":"","overlay-type":"","overlay-color":"","overlay-opacity":"","overlay-gradient":""},"mobile":{"background-color":"","background-image":"","background-repeat":"repeat","background-position":"center center","background-size":"auto","background-attachment":"scroll","background-type":"","background-media":"","overlay-type":"","overlay-color":"","overlay-opacity":"","overlay-gradient":""}},"ast-content-background-meta":{"desktop":{"background-color":"var(--ast-global-color-4)","background-image":"","background-repeat":"repeat","background-position":"center center","background-size":"auto","background-attachment":"scroll","background-type":"","background-media":"","overlay-type":"","overlay-color":"","overlay-opacity":"","overlay-gradient":""},"tablet":{"background-color":"var(--ast-global-color-4)","background-image":"","background-repeat":"repeat","background-position":"center center","background-size":"auto","background-attachment":"scroll","background-type":"","background-media":"","overlay-type":"","overlay-color":"","overlay-opacity":"","overlay-gradient":""},"mobile":{"background-color":"var(--ast-global-color-4)","background-image":"","background-repeat":"repeat","background-position":"center center","background-size":"auto","background-attachment":"scroll","background-type":"","background-media":"","overlay-type":"","overlay-color":"","overlay-opacity":"","overlay-gradient":""}},"footnotes":""},"class_list":["post-15","page","type-page","status-publish","hentry"],"_links":{"self":[{"href":"https:\/\/jlpalvelut.fi\/index.php\/wp-json\/wp\/v2\/pages\/15","targetHints":{"allow":["GET"]}}],"collection":[{"href":"https:\/\/jlpalvelut.fi\/index.php\/wp-json\/wp\/v2\/pages"}],"about":[{"href":"https:\/\/jlpalvelut.fi\/index.php\/wp-json\/wp\/v2\/types\/page"}],"author":[{"embeddable":true,"href":"https:\/\/jlpalvelut.fi\/index.php\/wp-json\/wp\/v2\/users\/1"}],"replies":[{"embeddable":true,"href":"https:\/\/jlpalvelut.fi\/index.php\/wp-json\/wp\/v2\/comments?post=15"}],"version-history":[{"count":8,"href":"https:\/\/jlpalvelut.fi\/index.php\/wp-json\/wp\/v2\/pages\/15\/revisions"}],"predecessor-version":[{"id":134,"href":"https:\/\/jlpalvelut.fi\/index.php\/wp-json\/wp\/v2\/pages\/15\/revisions\/134"}],"wp:attachment":[{"href":"https:\/\/jlpalvelut.fi\/index.php\/wp-json\/wp\/v2\/media?parent=15"}],"curies":[{"name":"wp","href":"https:\/\/api.w.org\/{rel}","templated":true}]}}